{"id":6964,"date":"2025-10-17T10:43:15","date_gmt":"2025-10-17T08:43:15","guid":{"rendered":"https:\/\/www.codlake.com\/?page_id=6964"},"modified":"2025-10-17T15:02:14","modified_gmt":"2025-10-17T13:02:14","slug":"aktualnosci","status":"publish","type":"page","link":"https:\/\/www.codlake.com\/en\/aktualnosci\/","title":{"rendered":"Aktualno\u015bci"},"content":{"rendered":"<div data-elementor-type=\"wp-page\" data-elementor-id=\"6964\" class=\"elementor elementor-6964\" data-elementor-post-type=\"page\">\n\t\t\t\t<div class=\"elementor-element elementor-element-c0a6e2d e-flex e-con-boxed e-con e-parent\" data-id=\"c0a6e2d\" data-element_type=\"container\" data-e-type=\"container\" data-settings=\"{&quot;background_background&quot;:&quot;video&quot;}\">\n\t\t\t\t\t<div class=\"e-con-inner\">\n\t\t\t\t<div class=\"elementor-element elementor-element-2a6ed2c elementor-widget elementor-widget-heading\" data-id=\"2a6ed2c\" data-element_type=\"widget\" data-e-type=\"widget\" data-widget_type=\"heading.default\">\n\t\t\t\t<div class=\"elementor-widget-container\">\n\t\t\t\t\t<h1 class=\"elementor-heading-title elementor-size-default\">Aktualno\u015bci<\/h1>\t\t\t\t<\/div>\n\t\t\t\t<\/div>\n\t\t\t\t<div class=\"elementor-element elementor-element-bbff86a elementor-align-left elementor-widget elementor-widget-button\" data-id=\"bbff86a\" data-element_type=\"widget\" data-e-type=\"widget\" data-widget_type=\"button.default\">\n\t\t\t\t<div class=\"elementor-widget-container\">\n\t\t\t\t\t\t\t\t\t<div class=\"elementor-button-wrapper\">\n\t\t\t\t\t<a class=\"elementor-button elementor-button-link elementor-size-sm\" href=\"#aktualnosci\">\n\t\t\t\t\t\t<span class=\"elementor-button-content-wrapper\">\n\t\t\t\t\t\t\t\t\t<span class=\"elementor-button-text\">Learn More<\/span>\n\t\t\t\t\t<\/span>\n\t\t\t\t\t<\/a>\n\t\t\t\t<\/div>\n\t\t\t\t\t\t\t\t<\/div>\n\t\t\t\t<\/div>\n\t\t\t\t\t<\/div>\n\t\t\t\t<\/div>\n\t\t<div class=\"elementor-element elementor-element-20a86eb e-flex e-con-boxed e-con e-parent\" data-id=\"20a86eb\" data-element_type=\"container\" data-e-type=\"container\">\n\t\t\t\t\t<div class=\"e-con-inner\">\n\t\t\t\t<div class=\"elementor-element elementor-element-4d0104a elementor-widget elementor-widget-menu-anchor\" data-id=\"4d0104a\" data-element_type=\"widget\" data-e-type=\"widget\" data-widget_type=\"menu-anchor.default\">\n\t\t\t\t<div class=\"elementor-widget-container\">\n\t\t\t\t\t\t\t<div class=\"elementor-menu-anchor\" id=\"aktualnosci\"><\/div>\n\t\t\t\t\t\t<\/div>\n\t\t\t\t<\/div>\n\t\t\t\t<div class=\"elementor-element elementor-element-3d54e4a elementor-widget elementor-widget-spacer\" data-id=\"3d54e4a\" data-element_type=\"widget\" data-e-type=\"widget\" data-widget_type=\"spacer.default\">\n\t\t\t\t<div class=\"elementor-widget-container\">\n\t\t\t\t\t\t\t<div class=\"elementor-spacer\">\n\t\t\t<div class=\"elementor-spacer-inner\"><\/div>\n\t\t<\/div>\n\t\t\t\t\t\t<\/div>\n\t\t\t\t<\/div>\n\t\t\t\t\t<\/div>\n\t\t\t\t<\/div>\n\t\t<div class=\"elementor-element elementor-element-61b447a e-flex e-con-boxed e-con e-parent\" data-id=\"61b447a\" data-element_type=\"container\" data-e-type=\"container\">\n\t\t\t\t\t<div class=\"e-con-inner\">\n\t\t\t\t<div class=\"elementor-element elementor-element-617408c elementor-grid-3 elementor-grid-tablet-2 elementor-grid-mobile-1 elementor-posts--thumbnail-top elementor-card-shadow-yes elementor-posts__hover-gradient elementor-widget elementor-widget-posts\" data-id=\"617408c\" data-element_type=\"widget\" data-e-type=\"widget\" data-settings=\"{&quot;cards_row_gap&quot;:{&quot;unit&quot;:&quot;px&quot;,&quot;size&quot;:30,&quot;sizes&quot;:[]},&quot;cards_columns&quot;:&quot;3&quot;,&quot;cards_columns_tablet&quot;:&quot;2&quot;,&quot;cards_columns_mobile&quot;:&quot;1&quot;,&quot;cards_row_gap_tablet&quot;:{&quot;unit&quot;:&quot;px&quot;,&quot;size&quot;:&quot;&quot;,&quot;sizes&quot;:[]},&quot;cards_row_gap_mobile&quot;:{&quot;unit&quot;:&quot;px&quot;,&quot;size&quot;:&quot;&quot;,&quot;sizes&quot;:[]}}\" data-widget_type=\"posts.cards\">\n\t\t\t\t<div class=\"elementor-widget-container\">\n\t\t\t\t\t\t\t<div class=\"elementor-posts-container elementor-posts elementor-posts--skin-cards elementor-grid\" role=\"list\">\n\t\t\t\t<article class=\"elementor-post elementor-grid-item post-6909 post type-post status-publish format-standard has-post-thumbnail hentry category-aktualnosci\" role=\"listitem\">\n\t\t\t<div class=\"elementor-post__card\">\n\t\t\t\t<a class=\"elementor-post__thumbnail__link\" href=\"https:\/\/www.codlake.com\/en\/ukryta-fabryka\/\" tabindex=\"-1\" target=\"_blank\"><div class=\"elementor-post__thumbnail\"><img fetchpriority=\"high\" decoding=\"async\" width=\"300\" height=\"200\" src=\"https:\/\/www.codlake.com\/wp-content\/uploads\/2025\/10\/20250923_fanuc_web_4-300x200.jpg\" class=\"attachment-medium size-medium wp-image-6920\" alt=\"\" srcset=\"https:\/\/www.codlake.com\/wp-content\/uploads\/2025\/10\/20250923_fanuc_web_4-300x200.jpg 300w, https:\/\/www.codlake.com\/wp-content\/uploads\/2025\/10\/20250923_fanuc_web_4-1024x683.jpg 1024w, https:\/\/www.codlake.com\/wp-content\/uploads\/2025\/10\/20250923_fanuc_web_4-768x512.jpg 768w, https:\/\/www.codlake.com\/wp-content\/uploads\/2025\/10\/20250923_fanuc_web_4-1536x1024.jpg 1536w, https:\/\/www.codlake.com\/wp-content\/uploads\/2025\/10\/20250923_fanuc_web_4-18x12.jpg 18w, https:\/\/www.codlake.com\/wp-content\/uploads\/2025\/10\/20250923_fanuc_web_4.jpg 2048w\" sizes=\"(max-width: 300px) 100vw, 300px\" \/><\/div><\/a>\n\t\t\t\t<div class=\"elementor-post__text\">\n\t\t\t\t<h4 class=\"elementor-post__title\">\n\t\t\t<a href=\"https:\/\/www.codlake.com\/en\/ukryta-fabryka\/\" target=\"&quot;_blank&quot;\">\n\t\t\t\tRelacja z konferencji &#8222;Ukryta Fabryka&#8221;-23.09.2025\t\t\t<\/a>\n\t\t<\/h4>\n\t\t\n\t\t<a class=\"elementor-post__read-more\" href=\"https:\/\/www.codlake.com\/en\/ukryta-fabryka\/\" aria-label=\"Read more about Relacja z konferencji &#8222;Ukryta Fabryka&#8221;-23.09.2025\" tabindex=\"-1\" target=\"_blank\">\n\t\t\tCzytaj wi\u0119cej \u00bb\t\t<\/a>\n\n\t\t\t\t<\/div>\n\t\t\t\t\t<\/div>\n\t\t<\/article>\n\t\t\t\t<\/div>\n\t\t\n\t\t\t\t\t\t<\/div>\n\t\t\t\t<\/div>\n\t\t\t\t<div class=\"elementor-element elementor-element-0e57ae6 elementor-widget elementor-widget-spacer\" data-id=\"0e57ae6\" data-element_type=\"widget\" data-e-type=\"widget\" data-widget_type=\"spacer.default\">\n\t\t\t\t<div class=\"elementor-widget-container\">\n\t\t\t\t\t\t\t<div class=\"elementor-spacer\">\n\t\t\t<div class=\"elementor-spacer-inner\"><\/div>\n\t\t<\/div>\n\t\t\t\t\t\t<\/div>\n\t\t\t\t<\/div>\n\t\t\t\t\t<\/div>\n\t\t\t\t<\/div>\n\t\t\t\t<\/div>","protected":false},"excerpt":{"rendered":"<p>Aktualno\u015bci Dowiedz si\u0119 wi\u0119cej<\/p>","protected":false},"author":1,"featured_media":0,"parent":0,"menu_order":0,"comment_status":"closed","ping_status":"closed","template":"","meta":{"_uag_custom_page_level_css":"","_monsterinsights_skip_tracking":false,"_monsterinsights_sitenote_active":false,"_monsterinsights_sitenote_note":"","_monsterinsights_sitenote_category":0,"site-sidebar-layout":"no-sidebar","site-content-layout":"page-builder","ast-site-content-layout":"full-width-container","site-content-style":"default","site-sidebar-style":"default","ast-global-header-display":"","ast-banner-title-visibility":"","ast-main-header-display":"","ast-hfb-above-header-display":"","ast-hfb-below-header-display":"","ast-hfb-mobile-header-display":"","site-post-title":"disabled","ast-breadcrumbs-content":"disabled","ast-featured-img":"disabled","footer-sml-layout":"","theme-transparent-header-meta":"default","adv-header-id-meta":"","stick-header-meta":"","header-above-stick-meta":"","header-main-stick-meta":"","header-below-stick-meta":"","astra-migrate-meta-layouts":"set","ast-page-background-enabled":"default","ast-page-background-meta":{"desktop":{"background-color":"","background-image":"","background-repeat":"repeat","background-position":"center center","background-size":"auto","background-attachment":"scroll","background-type":"","background-media":"","overlay-type":"","overlay-color":"","overlay-opacity":"","overlay-gradient":""},"tablet":{"background-color":"","background-image":"","background-repeat":"repeat","background-position":"center center","background-size":"auto","background-attachment":"scroll","background-type":"","background-media":"","overlay-type":"","overlay-color":"","overlay-opacity":"","overlay-gradient":""},"mobile":{"background-color":"","background-image":"","background-repeat":"repeat","background-position":"center center","background-size":"auto","background-attachment":"scroll","background-type":"","background-media":"","overlay-type":"","overlay-color":"","overlay-opacity":"","overlay-gradient":""}},"ast-content-background-meta":{"desktop":{"background-color":"var(--ast-global-color-5)","background-image":"","background-repeat":"repeat","background-position":"center center","background-size":"auto","background-attachment":"scroll","background-type":"","background-media":"","overlay-type":"","overlay-color":"","overlay-opacity":"","overlay-gradient":""},"tablet":{"background-color":"var(--ast-global-color-5)","background-image":"","background-repeat":"repeat","background-position":"center center","background-size":"auto","background-attachment":"scroll","background-type":"","background-media":"","overlay-type":"","overlay-color":"","overlay-opacity":"","overlay-gradient":""},"mobile":{"background-color":"var(--ast-global-color-5)","background-image":"","background-repeat":"repeat","background-position":"center center","background-size":"auto","background-attachment":"scroll","background-type":"","background-media":"","overlay-type":"","overlay-color":"","overlay-opacity":"","overlay-gradient":""}},"footnotes":""},"class_list":["post-6964","page","type-page","status-publish","hentry"],"yoast_head":"<!-- This site is optimized with the Yoast SEO plugin v27.4 - https:\/\/yoast.com\/product\/yoast-seo-wordpress\/ -->\n<title>Aktualno\u015bci - Codlake S.A.<\/title>\n<meta name=\"robots\" content=\"index, follow, max-snippet:-1, max-image-preview:large, max-video-preview:-1\" \/>\n<link rel=\"canonical\" href=\"https:\/\/www.codlake.com\/en\/aktualnosci\/\" \/>\n<meta property=\"og:locale\" content=\"en_US\" \/>\n<meta property=\"og:type\" content=\"article\" \/>\n<meta property=\"og:title\" content=\"Aktualno\u015bci - Codlake S.A.\" \/>\n<meta property=\"og:description\" content=\"Aktualno\u015bci Dowiedz si\u0119 wi\u0119cej\" \/>\n<meta property=\"og:url\" content=\"https:\/\/www.codlake.com\/en\/aktualnosci\/\" \/>\n<meta property=\"og:site_name\" content=\"Codlake S.A.\" \/>\n<meta property=\"article:publisher\" content=\"https:\/\/www.facebook.com\/Codlake\" \/>\n<meta property=\"article:modified_time\" content=\"2025-10-17T13:02:14+00:00\" \/>\n<meta name=\"twitter:card\" content=\"summary_large_image\" \/>\n<meta name=\"twitter:site\" content=\"@Codlake_\" \/>\n<meta name=\"twitter:label1\" content=\"Est. reading time\" \/>\n\t<meta name=\"twitter:data1\" content=\"1 minute\" \/>\n<script type=\"application\/ld+json\" class=\"yoast-schema-graph\">{\"@context\":\"https:\\\/\\\/schema.org\",\"@graph\":[{\"@type\":\"WebPage\",\"@id\":\"https:\\\/\\\/www.codlake.com\\\/aktualnosci\\\/\",\"url\":\"https:\\\/\\\/www.codlake.com\\\/aktualnosci\\\/\",\"name\":\"Aktualno\u015bci - Codlake S.A.\",\"isPartOf\":{\"@id\":\"https:\\\/\\\/www.codlake.com\\\/#website\"},\"datePublished\":\"2025-10-17T08:43:15+00:00\",\"dateModified\":\"2025-10-17T13:02:14+00:00\",\"breadcrumb\":{\"@id\":\"https:\\\/\\\/www.codlake.com\\\/aktualnosci\\\/#breadcrumb\"},\"inLanguage\":\"en-US\",\"potentialAction\":[{\"@type\":\"ReadAction\",\"target\":[\"https:\\\/\\\/www.codlake.com\\\/aktualnosci\\\/\"]}]},{\"@type\":\"BreadcrumbList\",\"@id\":\"https:\\\/\\\/www.codlake.com\\\/aktualnosci\\\/#breadcrumb\",\"itemListElement\":[{\"@type\":\"ListItem\",\"position\":1,\"name\":\"Home\",\"item\":\"https:\\\/\\\/www.codlake.com\\\/\"},{\"@type\":\"ListItem\",\"position\":2,\"name\":\"Aktualno\u015bci\"}]},{\"@type\":\"WebSite\",\"@id\":\"https:\\\/\\\/www.codlake.com\\\/#website\",\"url\":\"https:\\\/\\\/www.codlake.com\\\/\",\"name\":\"Codlake S.A.\",\"description\":\"\",\"publisher\":{\"@id\":\"https:\\\/\\\/www.codlake.com\\\/#organization\"},\"potentialAction\":[{\"@type\":\"SearchAction\",\"target\":{\"@type\":\"EntryPoint\",\"urlTemplate\":\"https:\\\/\\\/www.codlake.com\\\/?s={search_term_string}\"},\"query-input\":{\"@type\":\"PropertyValueSpecification\",\"valueRequired\":true,\"valueName\":\"search_term_string\"}}],\"inLanguage\":\"en-US\"},{\"@type\":\"Organization\",\"@id\":\"https:\\\/\\\/www.codlake.com\\\/#organization\",\"name\":\"Codlake S.A.\",\"url\":\"https:\\\/\\\/www.codlake.com\\\/\",\"logo\":{\"@type\":\"ImageObject\",\"inLanguage\":\"en-US\",\"@id\":\"https:\\\/\\\/www.codlake.com\\\/#\\\/schema\\\/logo\\\/image\\\/\",\"url\":\"https:\\\/\\\/website.codlake.com\\\/wp-content\\\/uploads\\\/2024\\\/07\\\/CODLAKE-main.svg\",\"contentUrl\":\"https:\\\/\\\/website.codlake.com\\\/wp-content\\\/uploads\\\/2024\\\/07\\\/CODLAKE-main.svg\",\"width\":100,\"height\":944,\"caption\":\"Codlake S.A.\"},\"image\":{\"@id\":\"https:\\\/\\\/www.codlake.com\\\/#\\\/schema\\\/logo\\\/image\\\/\"},\"sameAs\":[\"https:\\\/\\\/www.facebook.com\\\/Codlake\",\"https:\\\/\\\/x.com\\\/Codlake_\",\"https:\\\/\\\/www.instagram.com\\\/codlake\\\/\"]}]}<\/script>\n<!-- \/ Yoast SEO plugin. -->","yoast_head_json":{"title":"Aktualno\u015bci - Codlake S.A.","robots":{"index":"index","follow":"follow","max-snippet":"max-snippet:-1","max-image-preview":"max-image-preview:large","max-video-preview":"max-video-preview:-1"},"canonical":"https:\/\/www.codlake.com\/en\/aktualnosci\/","og_locale":"en_US","og_type":"article","og_title":"Aktualno\u015bci - Codlake S.A.","og_description":"Aktualno\u015bci Dowiedz si\u0119 wi\u0119cej","og_url":"https:\/\/www.codlake.com\/en\/aktualnosci\/","og_site_name":"Codlake S.A.","article_publisher":"https:\/\/www.facebook.com\/Codlake","article_modified_time":"2025-10-17T13:02:14+00:00","twitter_card":"summary_large_image","twitter_site":"@Codlake_","twitter_misc":{"Est. reading time":"1 minute"},"schema":{"@context":"https:\/\/schema.org","@graph":[{"@type":"WebPage","@id":"https:\/\/www.codlake.com\/aktualnosci\/","url":"https:\/\/www.codlake.com\/aktualnosci\/","name":"Aktualno\u015bci - Codlake S.A.","isPartOf":{"@id":"https:\/\/www.codlake.com\/#website"},"datePublished":"2025-10-17T08:43:15+00:00","dateModified":"2025-10-17T13:02:14+00:00","breadcrumb":{"@id":"https:\/\/www.codlake.com\/aktualnosci\/#breadcrumb"},"inLanguage":"en-US","potentialAction":[{"@type":"ReadAction","target":["https:\/\/www.codlake.com\/aktualnosci\/"]}]},{"@type":"BreadcrumbList","@id":"https:\/\/www.codlake.com\/aktualnosci\/#breadcrumb","itemListElement":[{"@type":"ListItem","position":1,"name":"Home","item":"https:\/\/www.codlake.com\/"},{"@type":"ListItem","position":2,"name":"Aktualno\u015bci"}]},{"@type":"WebSite","@id":"https:\/\/www.codlake.com\/#website","url":"https:\/\/www.codlake.com\/","name":"Codlake S.A.","description":"","publisher":{"@id":"https:\/\/www.codlake.com\/#organization"},"potentialAction":[{"@type":"SearchAction","target":{"@type":"EntryPoint","urlTemplate":"https:\/\/www.codlake.com\/?s={search_term_string}"},"query-input":{"@type":"PropertyValueSpecification","valueRequired":true,"valueName":"search_term_string"}}],"inLanguage":"en-US"},{"@type":"Organization","@id":"https:\/\/www.codlake.com\/#organization","name":"Codlake S.A.","url":"https:\/\/www.codlake.com\/","logo":{"@type":"ImageObject","inLanguage":"en-US","@id":"https:\/\/www.codlake.com\/#\/schema\/logo\/image\/","url":"https:\/\/website.codlake.com\/wp-content\/uploads\/2024\/07\/CODLAKE-main.svg","contentUrl":"https:\/\/website.codlake.com\/wp-content\/uploads\/2024\/07\/CODLAKE-main.svg","width":100,"height":944,"caption":"Codlake S.A."},"image":{"@id":"https:\/\/www.codlake.com\/#\/schema\/logo\/image\/"},"sameAs":["https:\/\/www.facebook.com\/Codlake","https:\/\/x.com\/Codlake_","https:\/\/www.instagram.com\/codlake\/"]}]}},"uagb_featured_image_src":{"full":false,"thumbnail":false,"medium":false,"medium_large":false,"large":false,"tf-client-image-size":false,"1536x1536":false,"2048x2048":false,"trp-custom-language-flag":false},"uagb_author_info":{"display_name":"Gabriela Cicho\u0144","author_link":"https:\/\/www.codlake.com\/en\/author\/admin\/"},"uagb_comment_info":0,"uagb_excerpt":"Aktualno\u015bci Dowiedz si\u0119 wi\u0119cej","_links":{"self":[{"href":"https:\/\/www.codlake.com\/en\/wp-json\/wp\/v2\/pages\/6964","targetHints":{"allow":["GET"]}}],"collection":[{"href":"https:\/\/www.codlake.com\/en\/wp-json\/wp\/v2\/pages"}],"about":[{"href":"https:\/\/www.codlake.com\/en\/wp-json\/wp\/v2\/types\/page"}],"author":[{"embeddable":true,"href":"https:\/\/www.codlake.com\/en\/wp-json\/wp\/v2\/users\/1"}],"replies":[{"embeddable":true,"href":"https:\/\/www.codlake.com\/en\/wp-json\/wp\/v2\/comments?post=6964"}],"version-history":[{"count":13,"href":"https:\/\/www.codlake.com\/en\/wp-json\/wp\/v2\/pages\/6964\/revisions"}],"predecessor-version":[{"id":6986,"href":"https:\/\/www.codlake.com\/en\/wp-json\/wp\/v2\/pages\/6964\/revisions\/6986"}],"wp:attachment":[{"href":"https:\/\/www.codlake.com\/en\/wp-json\/wp\/v2\/media?parent=6964"}],"curies":[{"name":"wp","href":"https:\/\/api.w.org\/{rel}","templated":true}]}}